{"id":7,"date":"2013-04-26T23:09:35","date_gmt":"2013-04-26T21:09:35","guid":{"rendered":"http:\/\/www.gospelchor-klangfarben.de\/?page_id=7"},"modified":"2024-04-14T11:36:14","modified_gmt":"2024-04-14T09:36:14","slug":"wir-uber-uns","status":"publish","type":"page","link":"http:\/\/www.gospelchor-klangfarben.de\/?page_id=7","title":{"rendered":"Wir \u00fcber uns"},"content":{"rendered":"<p style=\"text-align: justify;\"><img loading=\"lazy\" decoding=\"async\" class=\"aligncenter size-full wp-image-2343\" src=\"http:\/\/www.gospelchor-klangfarben.de\/wp-content\/uploads\/2024\/04\/IMG-20240411-WA0018.jpg\" alt=\"\" width=\"1024\" height=\"768\" srcset=\"http:\/\/www.gospelchor-klangfarben.de\/wp-content\/uploads\/2024\/04\/IMG-20240411-WA0018.jpg 1024w, http:\/\/www.gospelchor-klangfarben.de\/wp-content\/uploads\/2024\/04\/IMG-20240411-WA0018-300x225.jpg 300w, http:\/\/www.gospelchor-klangfarben.de\/wp-content\/uploads\/2024\/04\/IMG-20240411-WA0018-768x576.jpg 768w\" sizes=\"auto, (max-width: 1024px) 100vw, 1024px\" \/>Der <b>Gospelchor Klangfarben <\/b>ist mehr als nur ein Chor. Was im Januar 1998 mit 8 Leuten begann, hat sich im Laufe der Jahre zu einem stattlichen Chor entwickelt. Mittlerweile sind es 65 Menschen &#8211; nahezu jeden Alters &#8211; die ihrem Glauben durch die Musik Ausdruck verleihen wollen. Genauso vielf\u00e4ltig und bunt, wie sich der Glaube bei den S\u00e4ngerinnen und S\u00e4ngern des Chores in all seinen Facetten zeigt, so vielschichtig und bunt ist auch die Musik. Freude und Spa\u00df beim Singen und das Miteinander machen diesen Chor aus.<\/p>\n<blockquote>\n<p style=\"text-align: justify;\">Petra Zupp, Chorleiterin<\/p>\n<\/blockquote>\n<h1><strong>Entstehung des Chores<\/strong><\/h1>\n<p style=\"text-align: justify;\">Januar 1998 &#8211; <span style=\"font-size: 15px; font-weight: 300;\">Da sich der damalige Chor der Kirchengemeinde Waldbreitbach schon seit einiger Zeit nicht mehr in Waldbreitbach sondern in Bad H\u00f6nningen zur Probe traf, formierten wir uns ab Februar 1998 zum Chor &#8222;Singen macht Spa\u00df &#8222;. Er hatte sage und schreibe elf Mitglieder. Gesungen haben wir dann erstmal in den verschiedenen Gottesdiensten. Von Auftritt zu Auftritt vergr\u00f6\u00dferte sich die Schar derer, die mitsingen wollten.<\/span><\/p>\n<p style=\"text-align: justify;\">Proben waren zuerst nur alle 14 Tage. Sp\u00e4ter haben wir festgestellt, dass es w\u00f6chentlich effektiver ist.<\/p>\n<h1 style=\"text-align: justify;\"><strong>Projekte<\/strong><\/h1>\n<p style=\"text-align: justify;\">Seit 2002 hei\u00dft der Chor Gospelchor Klangfarben. Er ist seit 2002 Bestandteil des Gottesdienstprojektes \u201eAuszeitgottesdienste&#8220; in der Ev. Marktkirche Neuwied.<br \/>\n2001 erschien die erste. CD &#8220; Gott bringt Farbe in dein Leben &#8222;. 2004 folgte die zweite CD &#8222;Shine your light &#8222;.<\/p>\n<p style=\"text-align: justify;\">Die dritte CD &#8222;Love is a fire&#8220; wurde 2009 produziert. Auch eine DVD ist mittlerweile erh\u00e4ltlich &#8211; Ansichten &#8211; Einblicke &#8211; &#8230; \u00fcber einen Chor mit Rythmus und Herz &#8230; entstand ebenfalls im Jahr 2009.<\/p>\n<p style=\"text-align: justify;\">Im Juni 2003 und im November 2006 wirkte der Chor beim generations\u00fcbergreifenden Projekt &#8222;Tabaluga &#8220; mit, welches gemeinsam von der Deutschherrenschule Waldbreitbach, der Grundschule Waldbreitbach, dem Margarethe-Flesch-Haus in Hausen und dem Kindergarten Pusteblume in Hausen initiiert wurde.<\/p>\n<p style=\"text-align: justify;\">Dar\u00fcber hinaus war der Chor bei den Kirchentagen 2003 in Berlin, 2005 in Hannover, 2007 in K\u00f6ln, 2010 in M\u00fcnchen, 2011 in Dresden und 2013 in Hamburg dabei.<\/p>\n<p style=\"text-align: justify;\">Last but not least geben die \u201eKlangfarben\u201c in jedem Jahr zwei Konzerte (mitten im Sommer und um die Weihnachtszeit), die sich erfreulicherweise gro\u00dfer Beliebtheit erfreuen.<\/p>\n","protected":false},"excerpt":{"rendered":"<p>Der Gospelchor Klangfarben ist mehr als nur ein Chor. Was im Januar 1998 mit 8 Leuten begann, hat sich im Laufe der Jahre zu einem stattlichen Chor entwickelt. Mittlerweile sind es 65 Menschen &#8211; nahezu jeden Alters &#8211; die ihrem <a class=\"more-link\" href=\"http:\/\/www.gospelchor-klangfarben.de\/?page_id=7\"><span class=\"screen-reader-text\">  Wir \u00fcber uns<\/span> weiterlesen<span class=\"meta-nav\">&rarr;<\/span><\/a><\/p>\n","protected":false},"author":1,"featured_media":0,"parent":0,"menu_order":10,"comment_status":"open","ping_status":"open","template":"","meta":{"ngg_post_thumbnail":0,"footnotes":""},"class_list":["post-7","page","type-page","status-publish","hentry"],"_links":{"self":[{"href":"http:\/\/www.gospelchor-klangfarben.de\/index.php?rest_route=\/wp\/v2\/pages\/7","targetHints":{"allow":["GET"]}}],"collection":[{"href":"http:\/\/www.gospelchor-klangfarben.de\/index.php?rest_route=\/wp\/v2\/pages"}],"about":[{"href":"http:\/\/www.gospelchor-klangfarben.de\/index.php?rest_route=\/wp\/v2\/types\/page"}],"author":[{"embeddable":true,"href":"http:\/\/www.gospelchor-klangfarben.de\/index.php?rest_route=\/wp\/v2\/users\/1"}],"replies":[{"embeddable":true,"href":"http:\/\/www.gospelchor-klangfarben.de\/index.php?rest_route=%2Fwp%2Fv2%2Fcomments&post=7"}],"version-history":[{"count":16,"href":"http:\/\/www.gospelchor-klangfarben.de\/index.php?rest_route=\/wp\/v2\/pages\/7\/revisions"}],"predecessor-version":[{"id":2390,"href":"http:\/\/www.gospelchor-klangfarben.de\/index.php?rest_route=\/wp\/v2\/pages\/7\/revisions\/2390"}],"wp:attachment":[{"href":"http:\/\/www.gospelchor-klangfarben.de\/index.php?rest_route=%2Fwp%2Fv2%2Fmedia&parent=7"}],"curies":[{"name":"wp","href":"https:\/\/api.w.org\/{rel}","templated":true}]}}