{"id":113,"date":"2013-05-02T11:48:05","date_gmt":"2013-05-02T09:48:05","guid":{"rendered":"http:\/\/www.gospelchor-klangfarben.de\/?page_id=113"},"modified":"2016-07-10T10:10:06","modified_gmt":"2016-07-10T08:10:06","slug":"der-menschenkinderchor","status":"publish","type":"page","link":"https:\/\/www.gospelchor-klangfarben.de\/?page_id=113","title":{"rendered":"Der Menschenkinderchor"},"content":{"rendered":"<p style=\"text-align: justify;\">\u00dcber den Nachwuchs muss sich der Gospelchor Klangfarben keine Sorgen machen.<\/p>\n<p style=\"text-align: center;\"><img loading=\"lazy\" decoding=\"async\" class=\"aligncenter size-large wp-image-967\" src=\"http:\/\/www.gospelchor-klangfarben.de\/wp-content\/uploads\/2013\/05\/2016-06-21-Menschenkinderchor-0013-1024x782.jpg\" alt=\"2016-06-21-Menschenkinderchor-0013\" width=\"1024\" height=\"782\" srcset=\"https:\/\/www.gospelchor-klangfarben.de\/wp-content\/uploads\/2013\/05\/2016-06-21-Menschenkinderchor-0013-1024x782.jpg 1024w, https:\/\/www.gospelchor-klangfarben.de\/wp-content\/uploads\/2013\/05\/2016-06-21-Menschenkinderchor-0013-300x229.jpg 300w, https:\/\/www.gospelchor-klangfarben.de\/wp-content\/uploads\/2013\/05\/2016-06-21-Menschenkinderchor-0013-768x586.jpg 768w\" sizes=\"auto, (max-width: 1024px) 100vw, 1024px\" \/><\/p>\n<p>Etwa 25 bis 30 Kinder zwischen 5 und 11 Jahren finden sich w\u00f6chentlich dienstags von 16.45 \u2013 17.30 Uhr in der Ev. Christuskirche in Waldbreitbach zur Probe ein.<\/p>\n<p style=\"text-align: justify;\">Einen \u201ealten Bibelhelden\u201c mal ganz neu erleben \u2013 diese Gelegenheit bietet sich den Kindern des Menschenkinderchores immer wieder. Ob Mose, Joseph oder David als \u201ecoole Helden\u201c- oder Engel und Hirten, die die Weihnachtsbotschaft verk\u00fcnden \u2013 kindgerecht werden die kleinen S\u00e4ngerinnen und S\u00e4nger an die Musik und die Texte herangef\u00fchrt. Aber auch zeitgem\u00e4\u00dfe Kindermusicals hat der Menschenkinderchor ins seinem Repertoire. &#8222;Tuishi Pamoja&#8220;, &#8222;Das Dschungelbuch&#8220;, &#8222;Mats und die Wundersteine&#8220;, &#8222;Kunterbunt&#8220;, ob flotte Rhythmen oder einf\u00fchlsame Balladen, alle sind mit gro\u00dfer Begeisterung dabei.<\/p>\n","protected":false},"excerpt":{"rendered":"<p>\u00dcber den Nachwuchs muss sich der Gospelchor Klangfarben keine Sorgen machen. Etwa 25 bis 30 Kinder zwischen 5 und 11 Jahren finden sich w\u00f6chentlich dienstags von 16.45 \u2013 17.30 Uhr in der Ev. Christuskirche in Waldbreitbach zur Probe ein. Einen <a class=\"more-link\" href=\"https:\/\/www.gospelchor-klangfarben.de\/?page_id=113\"><span class=\"screen-reader-text\">  Der Menschenkinderchor<\/span> weiterlesen<span class=\"meta-nav\">&rarr;<\/span><\/a><\/p>\n","protected":false},"author":1,"featured_media":0,"parent":0,"menu_order":11,"comment_status":"closed","ping_status":"closed","template":"","meta":{"ngg_post_thumbnail":0,"footnotes":""},"class_list":["post-113","page","type-page","status-publish","hentry"],"_links":{"self":[{"href":"https:\/\/www.gospelchor-klangfarben.de\/index.php?rest_route=\/wp\/v2\/pages\/113","targetHints":{"allow":["GET"]}}],"collection":[{"href":"https:\/\/www.gospelchor-klangfarben.de\/index.php?rest_route=\/wp\/v2\/pages"}],"about":[{"href":"https:\/\/www.gospelchor-klangfarben.de\/index.php?rest_route=\/wp\/v2\/types\/page"}],"author":[{"embeddable":true,"href":"https:\/\/www.gospelchor-klangfarben.de\/index.php?rest_route=\/wp\/v2\/users\/1"}],"replies":[{"embeddable":true,"href":"https:\/\/www.gospelchor-klangfarben.de\/index.php?rest_route=%2Fwp%2Fv2%2Fcomments&post=113"}],"version-history":[{"count":12,"href":"https:\/\/www.gospelchor-klangfarben.de\/index.php?rest_route=\/wp\/v2\/pages\/113\/revisions"}],"predecessor-version":[{"id":982,"href":"https:\/\/www.gospelchor-klangfarben.de\/index.php?rest_route=\/wp\/v2\/pages\/113\/revisions\/982"}],"wp:attachment":[{"href":"https:\/\/www.gospelchor-klangfarben.de\/index.php?rest_route=%2Fwp%2Fv2%2Fmedia&parent=113"}],"curies":[{"name":"wp","href":"https:\/\/api.w.org\/{rel}","templated":true}]}}