{"id":16,"date":"2013-04-26T23:16:19","date_gmt":"2013-04-26T21:16:19","guid":{"rendered":"http:\/\/www.gospelchor-klangfarben.de\/?page_id=16"},"modified":"2013-05-16T21:07:46","modified_gmt":"2013-05-16T19:07:46","slug":"impressum","status":"publish","type":"page","link":"https:\/\/www.gospelchor-klangfarben.de\/?page_id=16","title":{"rendered":"Impressum"},"content":{"rendered":"<p>Die nachstehenden Informationen enthalten die gesetzlich vorgesehenen Pflichtangaben zur Internetpr\u00e4senz.<\/p>\n<h1>Verantwortlichkeit<\/h1>\n<p>Anbieter dieser Internetpr\u00e4senz ist im Rechtssinne der<\/p>\n<p>Gospelchor Klangfarben<br \/>\nEv. Kirchengemeinde Waldbreitbach<br \/>\nAm Kaltberg 1<br \/>\n56588 Waldbreitbach<br \/>\nTelefon 02638\/4103<\/p>\n<p>vertreten duch die Chorleitung Petra Zupp<br \/>\nAuf den Drei Viertel 8a<br \/>\n56589 Wolfenacker<br \/>\nTelefon 02638\/947068<br \/>\npzupp@web.de<\/p>\n<p>Webmaster Oliver Theobald<br \/>\nAntoniusstra\u00dfe 14<br \/>\n56588 Waldbreitbach<br \/>\nTelefon 02638\/948208<br \/>\noliver.theobald@gospelchor-klangfarben.de<\/p>\n<h1>Haftung<\/h1>\n<p style=\"text-align: justify;\">Der Verantwortliche ist um Richtigkeit und Aktualit\u00e4t der auf dieser Internetpr\u00e4senz bereitgestellten Informationen bem\u00fcht. Dennoch k\u00f6nnen Fehler und Unklarheiten nicht vollst\u00e4ndig ausgeschlossen werden. Der Verantwortliche \u00fcbernimmt deshalb keine Gew\u00e4hr f\u00fcr die Aktualit\u00e4t, Richtigkeit oder Vollst\u00e4ndigkeit der bereitgestellten Informationen. F\u00fcr Sch\u00e4den materieller oder immaterieller Art, die durch die Nutzung der dargebotenen Informationen bzw. durch die Nutzung fehlerhafter und unvollst\u00e4ndiger Informationen unmittelbar oder mittelbar verursacht werden, haftet der Verantwortliche nicht, sofern ihm nicht nachweislich vors\u00e4tzliches oder grob fahrl\u00e4ssiges Verschulden zur Last f\u00e4llt. Gleiches gilt f\u00fcr zum Download bereitgehaltene Dateien.<\/p>\n<p style=\"text-align: justify;\">Der Verantwortliche beh\u00e4lt es sich vor, Teile des Internetangebots oder das gesamte Angebot ohne gesonderte Ank\u00fcndigung zu ver\u00e4ndern, zu erg\u00e4nzen, zu l\u00f6schen oder die Ver\u00f6ffentlichung zeitweise oder endg\u00fcltig einzustellen.<\/p>\n<p style=\"text-align: justify;\">Die Verantwortlichkeit f\u00fcr fremde Inhalte, die beispielsweise durch direkte oder indirekte Verkn\u00fcpfungen (Links) zu anderen Anbietern bereitgehalten werden, setzt unter anderem positive Kenntnis des rechtswidrigen bzw. strafbaren Inhaltes voraus. Der Verantwortliche hat auf fremde Inhalte keinen Einfluss und macht sich diese Inhalte auch nicht zu Eigen. Der Verantwortliche hat keine positive Kenntnis \u00fcber rechtswidrige oder anst\u00f6\u00dfige Inhalte auf den verkn\u00fcpften Seiten fremder Anbieter. Sollten auf den verkn\u00fcpften Seiten fremder Anbieter dennoch rechtswidrige oder anst\u00f6\u00dfige Inhalte enthalten sein, so distanziert sich der Verantwortliche von diesen Inhalten ausdr\u00fccklich.<br \/>\nUrheberrecht<\/p>\n<p style=\"text-align: justify;\">Inhalte und Layout dieser Homepage, verwendete Filme, Bilder, Grafiken, Tonaufnahmen und sonstige Inhalte sind urheberrechtlich gesch\u00fctzt.<\/p>\n","protected":false},"excerpt":{"rendered":"<p>Die nachstehenden Informationen enthalten die gesetzlich vorgesehenen Pflichtangaben zur Internetpr\u00e4senz. Verantwortlichkeit Anbieter dieser Internetpr\u00e4senz ist im Rechtssinne der Gospelchor Klangfarben Ev. Kirchengemeinde Waldbreitbach Am Kaltberg 1 56588 Waldbreitbach Telefon 02638\/4103 vertreten duch die Chorleitung Petra Zupp Auf den Drei Viertel <a class=\"more-link\" href=\"https:\/\/www.gospelchor-klangfarben.de\/?page_id=16\"><span class=\"screen-reader-text\">  Impressum<\/span> weiterlesen<span class=\"meta-nav\">&rarr;<\/span><\/a><\/p>\n","protected":false},"author":1,"featured_media":0,"parent":14,"menu_order":50,"comment_status":"open","ping_status":"open","template":"","meta":{"ngg_post_thumbnail":0,"footnotes":""},"class_list":["post-16","page","type-page","status-publish","hentry"],"_links":{"self":[{"href":"https:\/\/www.gospelchor-klangfarben.de\/index.php?rest_route=\/wp\/v2\/pages\/16","targetHints":{"allow":["GET"]}}],"collection":[{"href":"https:\/\/www.gospelchor-klangfarben.de\/index.php?rest_route=\/wp\/v2\/pages"}],"about":[{"href":"https:\/\/www.gospelchor-klangfarben.de\/index.php?rest_route=\/wp\/v2\/types\/page"}],"author":[{"embeddable":true,"href":"https:\/\/www.gospelchor-klangfarben.de\/index.php?rest_route=\/wp\/v2\/users\/1"}],"replies":[{"embeddable":true,"href":"https:\/\/www.gospelchor-klangfarben.de\/index.php?rest_route=%2Fwp%2Fv2%2Fcomments&post=16"}],"version-history":[{"count":9,"href":"https:\/\/www.gospelchor-klangfarben.de\/index.php?rest_route=\/wp\/v2\/pages\/16\/revisions"}],"predecessor-version":[{"id":418,"href":"https:\/\/www.gospelchor-klangfarben.de\/index.php?rest_route=\/wp\/v2\/pages\/16\/revisions\/418"}],"up":[{"embeddable":true,"href":"https:\/\/www.gospelchor-klangfarben.de\/index.php?rest_route=\/wp\/v2\/pages\/14"}],"wp:attachment":[{"href":"https:\/\/www.gospelchor-klangfarben.de\/index.php?rest_route=%2Fwp%2Fv2%2Fmedia&parent=16"}],"curies":[{"name":"wp","href":"https:\/\/api.w.org\/{rel}","templated":true}]}}