{"id":18,"date":"2013-04-26T23:17:08","date_gmt":"2013-04-26T21:17:08","guid":{"rendered":"http:\/\/www.gospelchor-klangfarben.de\/?page_id=18"},"modified":"2013-04-27T09:04:10","modified_gmt":"2013-04-27T07:04:10","slug":"gastebuch","status":"publish","type":"page","link":"https:\/\/www.gospelchor-klangfarben.de\/?page_id=18","title":{"rendered":"G\u00e4stebuch"},"content":{"rendered":"<p>Lieber Besucher,<\/p>\n<p>hat Ihnen unser Chor und unsere Internetseite gefallen, hat der Besuch sich gelohnt? Dann empfehlen Sie diese Seite doch weiter.<\/p>\n<p>Ein Lob oder eine Kritik in unserem G\u00e4stebuch w\u00e4re sehr nett. Sie wissen doch: Der Applaus ist das Brot des K\u00fcnstlers.<\/p>\n","protected":false},"excerpt":{"rendered":"<p>Lieber Besucher, hat Ihnen unser Chor und unsere Internetseite gefallen, hat der Besuch sich gelohnt? Dann empfehlen Sie diese Seite doch weiter. Ein Lob oder eine Kritik in unserem G\u00e4stebuch w\u00e4re sehr nett. Sie wissen doch: Der Applaus ist das <a class=\"more-link\" href=\"https:\/\/www.gospelchor-klangfarben.de\/?page_id=18\"><span class=\"screen-reader-text\">  G\u00e4stebuch<\/span> weiterlesen<span class=\"meta-nav\">&rarr;<\/span><\/a><\/p>\n","protected":false},"author":1,"featured_media":0,"parent":0,"menu_order":60,"comment_status":"open","ping_status":"open","template":"","meta":{"ngg_post_thumbnail":0,"footnotes":""},"class_list":["post-18","page","type-page","status-publish","hentry"],"_links":{"self":[{"href":"https:\/\/www.gospelchor-klangfarben.de\/index.php?rest_route=\/wp\/v2\/pages\/18","targetHints":{"allow":["GET"]}}],"collection":[{"href":"https:\/\/www.gospelchor-klangfarben.de\/index.php?rest_route=\/wp\/v2\/pages"}],"about":[{"href":"https:\/\/www.gospelchor-klangfarben.de\/index.php?rest_route=\/wp\/v2\/types\/page"}],"author":[{"embeddable":true,"href":"https:\/\/www.gospelchor-klangfarben.de\/index.php?rest_route=\/wp\/v2\/users\/1"}],"replies":[{"embeddable":true,"href":"https:\/\/www.gospelchor-klangfarben.de\/index.php?rest_route=%2Fwp%2Fv2%2Fcomments&post=18"}],"version-history":[{"count":4,"href":"https:\/\/www.gospelchor-klangfarben.de\/index.php?rest_route=\/wp\/v2\/pages\/18\/revisions"}],"predecessor-version":[{"id":81,"href":"https:\/\/www.gospelchor-klangfarben.de\/index.php?rest_route=\/wp\/v2\/pages\/18\/revisions\/81"}],"wp:attachment":[{"href":"https:\/\/www.gospelchor-klangfarben.de\/index.php?rest_route=%2Fwp%2Fv2%2Fmedia&parent=18"}],"curies":[{"name":"wp","href":"https:\/\/api.w.org\/{rel}","templated":true}]}}