{"id":278,"date":"2013-05-03T22:10:34","date_gmt":"2013-05-03T20:10:34","guid":{"rendered":"http:\/\/www.gospelchor-klangfarben.de\/?page_id=278"},"modified":"2014-01-02T14:39:02","modified_gmt":"2014-01-02T12:39:02","slug":"cddvd","status":"publish","type":"page","link":"https:\/\/www.gospelchor-klangfarben.de\/?page_id=278","title":{"rendered":"Mediathek"},"content":{"rendered":"<p style=\"text-align: justify;\">Wer auch im heimischen Wohnzimmer oder im Auto den Gospelchor Klangfarben genie\u00dfen will, kann nachstehende CDs bzw. DVD k\u00e4uflich erwerben. Melden sie sich einfach bei der Chorleiterin Petra Zupp unter pzupp@web.de und wir senden ihnen den gew\u00fcnschten Artikel zu.<\/p>\n<p><strong>CDs<\/strong><br \/>\n<a href=\"http:\/\/www.gospelchor-klangfarben.de\/?page_id=284\">LOVE &#8230; is a fire<\/a> <em>(10\u20ac + 2\u20ac Versandkosten)<\/em><br \/>\n<a title=\"Shine Your Light On Me\" href=\"http:\/\/www.gospelchor-klangfarben.de\/?page_id=289\">Shine Your Light On Me<\/a><em> (leider vergriffen)<\/em><br \/>\nGott bringt Farbe in dein Leben<em> (leider vergriffen)<\/em><\/p>\n<p><strong>DVD<\/strong><br \/>\nWer den Film in bester Bild- und Klangqualit\u00e4t sehen m\u00f6chte, kann die DVD zu einem Preis von 10\u20ac zuz\u00fcglich 2\u20ac Versandkosten erhalten.<\/p>\n<p style=\"text-align: justify;\">Weitere Informationen sowie eine Klangprobe k\u00f6nnen sie aus den Detailbeschreibungen entnehmen<\/p>\n<p style=\"text-align: justify;\"><strong>Konzertmitschnitte<\/strong><br \/>\n<a href=\"http:\/\/www.gospelchor-klangfarben.de\/?page_id=540\">Weihnachtsmusical 2013<\/a><\/p>\n","protected":false},"excerpt":{"rendered":"<p>Wer auch im heimischen Wohnzimmer oder im Auto den Gospelchor Klangfarben genie\u00dfen will, kann nachstehende CDs bzw. DVD k\u00e4uflich erwerben. Melden sie sich einfach bei der Chorleiterin Petra Zupp unter pzupp@web.de und wir senden ihnen den gew\u00fcnschten Artikel zu. CDs <a class=\"more-link\" href=\"https:\/\/www.gospelchor-klangfarben.de\/?page_id=278\"><span class=\"screen-reader-text\">  Mediathek<\/span> weiterlesen<span class=\"meta-nav\">&rarr;<\/span><\/a><\/p>\n","protected":false},"author":1,"featured_media":0,"parent":0,"menu_order":21,"comment_status":"open","ping_status":"open","template":"","meta":{"ngg_post_thumbnail":0,"footnotes":""},"class_list":["post-278","page","type-page","status-publish","hentry"],"_links":{"self":[{"href":"https:\/\/www.gospelchor-klangfarben.de\/index.php?rest_route=\/wp\/v2\/pages\/278","targetHints":{"allow":["GET"]}}],"collection":[{"href":"https:\/\/www.gospelchor-klangfarben.de\/index.php?rest_route=\/wp\/v2\/pages"}],"about":[{"href":"https:\/\/www.gospelchor-klangfarben.de\/index.php?rest_route=\/wp\/v2\/types\/page"}],"author":[{"embeddable":true,"href":"https:\/\/www.gospelchor-klangfarben.de\/index.php?rest_route=\/wp\/v2\/users\/1"}],"replies":[{"embeddable":true,"href":"https:\/\/www.gospelchor-klangfarben.de\/index.php?rest_route=%2Fwp%2Fv2%2Fcomments&post=278"}],"version-history":[{"count":14,"href":"https:\/\/www.gospelchor-klangfarben.de\/index.php?rest_route=\/wp\/v2\/pages\/278\/revisions"}],"predecessor-version":[{"id":580,"href":"https:\/\/www.gospelchor-klangfarben.de\/index.php?rest_route=\/wp\/v2\/pages\/278\/revisions\/580"}],"wp:attachment":[{"href":"https:\/\/www.gospelchor-klangfarben.de\/index.php?rest_route=%2Fwp%2Fv2%2Fmedia&parent=278"}],"curies":[{"name":"wp","href":"https:\/\/api.w.org\/{rel}","templated":true}]}}